{"id":27014,"date":"2022-03-10T12:15:55","date_gmt":"2022-03-10T17:15:55","guid":{"rendered":"https:\/\/www.affiliated1031.com\/privacy-policy\/"},"modified":"2022-11-28T17:24:39","modified_gmt":"2022-11-28T22:24:39","slug":"privacy-policy","status":"publish","type":"page","link":"https:\/\/www.affiliated1031.com\/es\/privacy-policy\/","title":{"rendered":"Privacy Policy"},"content":{"rendered":"<div  class=\"tatsu-h4wol0irsw6z742g tatsu-section  tatsu-bg-overlay   tatsu-clearfix\" data-title=\"\"  data-headerscheme=\"background--dark\"><div class='tatsu-section-pad clearfix' data-padding='{\"d\":\"45px 0px 90px 0px\"}' data-padding-top='45px'><div class=\"tatsu-row-wrap  tatsu-wrap tatsu-row-one-col tatsu-row-has-one-cols tatsu-medium-gutter tatsu-reg-cols  tatsu-clearfix tatsu-h4wol0irue97cq0v\" ><div  class=\"tatsu-row \" ><div  class=\"tatsu-column  tatsu-bg-overlay tatsu-one-col tatsu-column-image-none tatsu-column-effect-none  tatsu-h4wol0irvqdyspj3\"  data-parallax-speed=\"0\" style=\"\"><div class=\"tatsu-column-inner \" ><div class=\"tatsu-column-pad-wrap\"><div class=\"tatsu-column-pad\" ><div  class=\"tatsu-module tatsu-text-block-wrap tatsu-B11k8mja5  \"><div class=\"tatsu-text-inner tatsu-align-center  clearfix\" ><style>.tatsu-B11k8mja5.tatsu-text-block-wrap .tatsu-text-inner{width: 100%;text-align: left;}<\/style>\n<h1>Pol\u00edtica de privacidad<\/h1>\n<\/div><\/div><div  class=\"tatsu-module tatsu-text-block-wrap tatsu-h4wol0irwydkyqzl  justify\"><div class=\"tatsu-text-inner tatsu-align-center  clearfix\" ><style>.tatsu-h4wol0irwydkyqzl.tatsu-text-block-wrap .tatsu-text-inner{width: 100%;text-align: left;}<\/style>\n<p>Affiliated 1031 Exchange Services, LLC (\u201cAffiliated\u201d) reconoce la importancia de mantener la informaci\u00f3n personal que usted nos proporciona privada y segura. Affiliated desarroll\u00f3 una pol\u00edtica de privacidad integral; tambi\u00e9n utilizamos la \u00faltima tecnolog\u00eda a fin de garantizar que su informaci\u00f3n personal est\u00e9 segura.<\/p>\n<p><strong>Declaraci\u00f3n de privacidad<\/strong><\/p>\n<p>La informaci\u00f3n personal y privada que proporcione a Affiliated se utilizar\u00e1 en relaci\u00f3n con su intercambio. Affiliated no comparte ninguna informaci\u00f3n sobre usted o su empresa con terceros no afiliados, excepto cuando sea necesario para procesar su intercambio y seg\u00fan lo permita la ley. Affiliated podr\u00e1 compartir informaci\u00f3n sobre su experiencia en transacciones y cuentas, incluido el nombre y el historial de pagos, entre nuestras empresas de servicios financieros afiliadas a fin de satisfacer mejor sus necesidades y notificarle los servicios financieros que podr\u00edan interesarle, seg\u00fan lo permita la ley aplicable. Affiliated no comparte, ni distribuye, ni vende ni difunde ninguna informaci\u00f3n sobre usted o su empresa, excepto lo que se detalla anteriormente.<\/p>\n<p><strong>Utilidades de seguimiento y seguridad<\/strong><\/p>\n<p>El prop\u00f3sito de esta secci\u00f3n es explicar c\u00f3mo Affiliated 1031 protege y utiliza su informaci\u00f3n personal al rastrear las utilidades que recopilan informaci\u00f3n en este sitio. Queremos que sepa que la informaci\u00f3n recopilada es segura y se utiliza de manera responsable.<\/p>\n<p>El sitio cuenta con funciones que dise\u00f1amos para permitir que los nuevos visitantes aprendan de forma an\u00f3nima sobre nuestros productos y servicios financieros sin revelar sus identidades. Para estos nuevos visitantes, la \u00fanica informaci\u00f3n que recopilamos en l\u00ednea proviene de cookies, etiquetas de p\u00edxeles o dispositivos similares, que proporcionan datos limitados, como la fecha, la hora y las \u00e1reas del sitio que se visitaron, las interacciones y la ruta\/dominio web de donde provino el visitante. Affiliated 1031 utiliza esta informaci\u00f3n solo para reconocerlo y mantener la informaci\u00f3n durante su visita al sitio. Las utilidades de seguimiento identificadas en esta Pol\u00edtica de privacidad no se vinculan a informaci\u00f3n de identificaci\u00f3n personal.<\/p>\n<p>Esta informaci\u00f3n general recopilada nos permite servir mejor a los visitantes, mejorar el sitio web constantemente y hacerlo m\u00e1s conveniente. Entre otras cosas, podemos almacenar las respuestas al cuestionario de elegibilidad y controlar el acceso a la secci\u00f3n de solicitud de pr\u00e9stamo del sitio. En ciertos casos, puede optar por no proporcionarnos la informaci\u00f3n, por ejemplo, configurar el navegador para que se niegue a aceptar cookies, pero si lo hace, es posible que no pueda acceder a ciertas partes del sitio. Es posible que no podamos personalizar las funciones del sitio de acuerdo con sus preferencias.<\/p>\n<p>Si decide enviarnos informaci\u00f3n en Internet a trav\u00e9s de nuestro sitio, puede que se le pida que ingrese informaci\u00f3n personal confidencial en l\u00ednea, como informaci\u00f3n financiera y n\u00famero de seguro social. Utilizamos tecnolog\u00eda avanzada de cifrado y almacenamiento de datos para proteger su informaci\u00f3n personal confidencial. Cuando ingresa esta informaci\u00f3n en el sitio web de Affiliated 1031, los sistemas cambian en autom\u00e1tico al modo \u201cseguro\u201d.<\/p>\n<p>Las versiones recientes de la mayor\u00eda de los navegadores de Internet admiten la transmisi\u00f3n cifrada de documentos en l\u00ednea y los datos que ingresa en una p\u00e1gina web. Esto significa que en lugar de enviar texto legible, tanto su navegador como el servidor seguro del sitio web codifican todo el texto mediante una clave de seguridad. De esta manera, los datos personales enviados a su navegador o aquellos que env\u00ede de vuelta ser\u00edan sumamente dif\u00edciles de decodificar en el improbable caso de que fueran interceptados por una parte no autorizada. La clave utilizada para la codificaci\u00f3n es un n\u00famero aleatorio que es \u00fanico para la sesi\u00f3n en el sitio web seguro.<\/p>\n<p>Existen dos grados de seguridad en Internet: el cifrado de grado internacional utiliza un n\u00famero aleatorio de 40 bits negociado entre su navegador y el servidor web. Esto significa que solo se puede usar una de las casi 1.000.000.000.000 de claves de decodificaci\u00f3n posibles para descifrar sus datos. El cifrado de grado dom\u00e9stico utiliza una clave de 128 bits, por lo que el n\u00famero de claves posibles es mucho mayor. El sitio de Affiliated 1031 utiliza el grado m\u00e1s alto de cifrado compatible con su navegador y su conexi\u00f3n a Internet.<\/p>\n<p>Su sesi\u00f3n de Internet est\u00e1 encriptada si su navegador habilitado para la seguridad est\u00e1 conectado a un sitio web mediante el Protocolo de transporte seguro de hipertexto. Las cadenas de URL que comienzan con \u201cHTTPS:\/\/\u201d en lugar de la habitual \u201cHTTP:\/\/\u201d indican que el protocolo seguro est\u00e1 en vigor. Su navegador tambi\u00e9n puede decirle si la seguridad est\u00e1 funcionando. Por ejemplo, Netscape Navigator puede mostrar el \u00edcono en la esquina inferior izquierda de la pantalla en modo seguro. Si la seguridad de 128 bits est\u00e1 en vigor, muestra el \u00edcono. Microsoft Internet Explorer muestra un \u00edcono en ambos casos. Tenga en cuenta que la seguridad puede estar funcionando sin ninguna indicaci\u00f3n visible si la p\u00e1gina web que est\u00e1 viendo emplea marcos (consulte a continuaci\u00f3n). Si la transmisi\u00f3n segura no est\u00e1 en efecto o solo parte de una p\u00e1gina basada en marcos es segura, Netscape muestra el \u00edcono de \u201cllave rota\u201d y Explorer no muestra el \u00edcono de \u201cbloqueo\u201d.<\/p>\n<p>La mayor\u00eda de los navegadores pueden configurarse para darle un anuncio emergente cuando entra o sale de una p\u00e1gina web segura. En Netscape, esta configuraci\u00f3n se encuentra en la pesta\u00f1a \u201cGeneral\u201d de Preferencias de seguridad. En IE, la configuraci\u00f3n est\u00e1 en la pesta\u00f1a \u201cAvanzado\u201d cuando selecciona \u201cOpciones\u201d en el men\u00fa Ver. La seguridad puede estar operando sin mostrar ning\u00fan \u00edcono de seguridad (o Netscape puede mostrar el \u00edcono de \u201cllave rota\u201d) si solo una parte de una p\u00e1gina basada en marcos emplea seguridad. Puede verificar la seguridad de la p\u00e1gina dentro de un marco al abrirla en una nueva ventana del navegador. Tanto IE como Netscape le permiten abrir un enlace en una nueva ventana mediante un clic con el bot\u00f3n derecho en el enlace y la selecci\u00f3n de esa opci\u00f3n en el men\u00fa contextual emergente. Cuando una p\u00e1gina segura se abre en su propia ventana, en lugar de verse dentro de un marco, puede ver los \u00edconos de seguridad proporcionados por su navegador, as\u00ed como el prefijo de protocolo seguro \u201chttps:\/\/\u201d en la cadena URL.<\/p>\n<p><strong>Enlaces<\/strong><\/p>\n<p>En determinados lugares de este sitio, se puede acceder a \u201cenlaces\u201d en vivo a otras direcciones de Internet (\u201cSitios Enlazados\u201d). Dichos Sitios Enlazados contienen informaci\u00f3n creada, publicada, mantenida, o de otro modo compartida por instituciones u organizaciones no relacionadas con Affiliated. Asimismo, Affiliated no respalda, ni aprueba, ni certifica ni controla dichos Sitios y no garantiza la exactitud, integridad, eficacia, puntualidad o correcta secuenciaci\u00f3n de la informaci\u00f3n que contienen. La Pol\u00edtica de privacidad de Affiliated no se aplica a estos Sitios Enlazados. Las pol\u00edticas de privacidad de dichos sitios pueden diferir de Affiliated, usted debe revisar sus pol\u00edticas antes de acceder a ellas o enviar informaci\u00f3n.<\/p>\n<p><strong>Recopilaci\u00f3n de datos<\/strong><\/p>\n<p>Recopilamos informaci\u00f3n como nombre, tel\u00e9fono, direcci\u00f3n de correo electr\u00f3nico para solicitudes de contacto, suscripciones a boletines de correo electr\u00f3nico, inscripciones a seminarios web, publicaciones en blogs, promociones especiales y aplicaciones de socios\/afiliados. Recopilamos informaci\u00f3n como nombre, tel\u00e9fono, direcci\u00f3n de correo electr\u00f3nico, direcci\u00f3n personal, direcci\u00f3n de la propiedad, para iniciar una transacci\u00f3n de Intercambio 1031 o para identificar o eliminar propiedades como parte de tales transacciones. Puede recibir encuestas por correo electr\u00f3nico y solicitar comentarios sobre el servicio u otros problemas. El completar cualquiera de las encuestas es estrictamente voluntario. Las encuestas por correo electr\u00f3nico pueden enviarse desde Affiliated y 1031 o desde empresas de investigaci\u00f3n de terceros en nuestro nombre.<\/p>\n<p><strong>BLOG<\/strong><\/p>\n<p>Si utiliza nuestra funci\u00f3n blog1031, debe tener en cuenta que toda informaci\u00f3n de identificaci\u00f3n personal que env\u00ede all\u00ed la podr\u00e1n leer, recopilar o utilizar otros usuarios del foro, y podr\u00eda usarse para enviarle mensajes no solicitados. No somos responsables de la informaci\u00f3n de identificaci\u00f3n personal que elija enviar en este foro.<\/p>\n<p><strong>Acceso a la informaci\u00f3n de identificaci\u00f3n personal<\/strong><\/p>\n<p>Si su informaci\u00f3n de identificaci\u00f3n personal cambia, o si ya no desea nuestro servicio, puede corregirla, actualizarla, eliminarla o desactivarla mediante un correo electr\u00f3nico a info@ Liberty1031.com,o puede comunicarse con nosotros al 1-866-903-1031 o por escrito a Affiliated 1031 Exchange Services, 7495 W. Atlantic Avenue n.\u00b0 200-384 Delray Beach, Florida 33446.<\/p>\n<p><strong>Comunicaciones desde el sitio<\/strong><\/p>\n<p>Los tipos de comunicaciones desde el sitio web incluyen lo siguiente: correos electr\u00f3nicos de confirmaci\u00f3n para inscripciones a seminarios web; pedidos de Manuales 1031; presentaciones de Hojas de trabajo 1031; Solicitudes de socios. Tambi\u00e9n enviaremos recordatorios y correos electr\u00f3nicos de seguimiento para las inscripciones al seminario web. Si utiliza la funci\u00f3n \u201cClick-to-Call\u201d, cuando ingrese su n\u00famero de tel\u00e9fono, uno de nuestros representantes lo llamar\u00e1 de inmediato. Tambi\u00e9n recibir\u00e1 una llamada telef\u00f3nica o una respuesta por correo electr\u00f3nico a las preguntas que se planteen durante el uso de \u201cCont\u00e1ctenos\u201d en el sitio. Puede recibir encuestas por correo electr\u00f3nico y solicitar comentarios sobre el servicio u otros problemas. Las encuestas por correo electr\u00f3nico pueden enviarse desde Affiliated y 1031 o desde empresas de investigaci\u00f3n de terceros. Elecci\u00f3n\/Exclusi\u00f3n voluntaria.<\/p>\n<p>Cuando le pidamos su informaci\u00f3n personal identificable, le ofreceremos la opci\u00f3n de \u201canular\u201d la posibilidad de que esa informaci\u00f3n se use para ciertos prop\u00f3sitos. Si ya no desea recibir los boletines y comunicaciones promocionales, puede optar por no recibirlos. Siga las instrucciones que se incluyen en cada bolet\u00edn o comunicaci\u00f3n o env\u00edenos un correo electr\u00f3nico a info@Liberty1031.com. Tambi\u00e9n puede comunicarse con nosotros al 1-866-903-1031 o 4111 Battersea Road, Miami, Florida 33133 para optar por no recibirlos. Si ya no desea que su informaci\u00f3n se comparta entre las empresas asociadas de Affiliated, puede comunicarse con nosotros por tel\u00e9fono, correo electr\u00f3nico o a la direcci\u00f3n f\u00edsica proporcionada en este p\u00e1rrafo y solicitarlo. Descargo de responsabilidad legal y cambios en la pol\u00edtica.<\/p>\n<p>Nos reservamos el derecho de revelar su informaci\u00f3n personal identificable como lo permite la ley y cuando creemos que la divulgaci\u00f3n es necesaria para proteger nuestros derechos o para cumplir con un procedimiento judicial, orden de la corte, o un proceso legal en nuestro sitio Web. Si decidimos cambiar nuestra pol\u00edtica de privacidad, publicaremos dichos cambios en esta pol\u00edtica y en otros lugares que consideremos apropiados para que los usuarios sepan siempre qu\u00e9 informaci\u00f3n recopilamos, c\u00f3mo la usamos y bajo qu\u00e9 circunstancias, si existen, la podemos divulgar. Si realizamos cambios materiales a esta pol\u00edtica, se lo notificaremos aqu\u00ed, por correo electr\u00f3nico, o a trav\u00e9s de un aviso en nuestra pagina web.<\/p>\n<p>Las preguntas relacionadas con nuestra Pol\u00edtica de privacidad deben enviarse a <a href=\"mailto:info@Liberty1031.com\">info@Liberty1031.com<\/a>.<\/p>\n<\/div><\/div><\/div><\/div><div class = \"tatsu-column-bg-image-wrap\"><div class = \"tatsu-column-bg-image tatsu-bg-lazyload\" data-src = \"\"><\/div><\/div><div class=\"tatsu-overlay tatsu-column-overlay tatsu-animate-none\" ><\/div><\/div><style>.tatsu-row > .tatsu-h4wol0irvqdyspj3.tatsu-column{width: 100%;}.tatsu-h4wol0irvqdyspj3.tatsu-column > .tatsu-column-inner > .tatsu-column-overlay{mix-blend-mode: normal;}.tatsu-h4wol0irvqdyspj3 > .tatsu-column-inner > .tatsu-top-divider{z-index: 9999;}.tatsu-h4wol0irvqdyspj3 > .tatsu-column-inner > .tatsu-bottom-divider{z-index: 9999;}.tatsu-h4wol0irvqdyspj3 > .tatsu-column-inner > .tatsu-left-divider{z-index: 9999;}.tatsu-h4wol0irvqdyspj3 > .tatsu-column-inner > .tatsu-right-divider{z-index: 9999;}<\/style><\/div><\/div><\/div><\/div><div class=\"tatsu-section-background-wrap\"><div class = \"tatsu-section-background tatsu-bg-lazyload\" data-src = \"\"><\/div><\/div><div class=\"tatsu-overlay tatsu-section-overlay\"><\/div><style>.tatsu-h4wol0irsw6z742g .tatsu-section-pad{padding: 45px 0px 90px 0px;}.tatsu-h4wol0irsw6z742g > .tatsu-bottom-divider{z-index: 9999;}.tatsu-h4wol0irsw6z742g > .tatsu-top-divider{z-index: 9999;}.tatsu-h4wol0irsw6z742g .tatsu-section-overlay{mix-blend-mode: normal;}<\/style><\/div>\n","protected":false},"excerpt":{"rendered":"<div><a href=\"https:\/\/www.affiliated1031.com\/es\/privacy-policy\/\" class=\"exp-read-more exp-read-more-underlined\">Read More<\/a><\/div>\n","protected":false},"author":1,"featured_media":0,"parent":0,"menu_order":0,"comment_status":"closed","ping_status":"open","template":"","meta":{"_coblocks_attr":"","_coblocks_dimensions":"","_coblocks_responsive_height":"","_coblocks_accordion_ie_support":"","footnotes":""},"class_list":["post-27014","page","type-page","status-publish","hentry"],"_links":{"self":[{"href":"https:\/\/www.affiliated1031.com\/es\/wp-json\/wp\/v2\/pages\/27014","targetHints":{"allow":["GET"]}}],"collection":[{"href":"https:\/\/www.affiliated1031.com\/es\/wp-json\/wp\/v2\/pages"}],"about":[{"href":"https:\/\/www.affiliated1031.com\/es\/wp-json\/wp\/v2\/types\/page"}],"author":[{"embeddable":true,"href":"https:\/\/www.affiliated1031.com\/es\/wp-json\/wp\/v2\/users\/1"}],"replies":[{"embeddable":true,"href":"https:\/\/www.affiliated1031.com\/es\/wp-json\/wp\/v2\/comments?post=27014"}],"version-history":[{"count":6,"href":"https:\/\/www.affiliated1031.com\/es\/wp-json\/wp\/v2\/pages\/27014\/revisions"}],"predecessor-version":[{"id":27318,"href":"https:\/\/www.affiliated1031.com\/es\/wp-json\/wp\/v2\/pages\/27014\/revisions\/27318"}],"wp:attachment":[{"href":"https:\/\/www.affiliated1031.com\/es\/wp-json\/wp\/v2\/media?parent=27014"}],"curies":[{"name":"wp","href":"https:\/\/api.w.org\/{rel}","templated":true}]}}