{"id":27251,"date":"2022-08-05T23:25:23","date_gmt":"2022-08-06T03:25:23","guid":{"rendered":"https:\/\/www.affiliated1031.com\/terms-of-use\/"},"modified":"2022-11-24T16:22:39","modified_gmt":"2022-11-24T21:22:39","slug":"terms-of-use","status":"publish","type":"page","link":"https:\/\/www.affiliated1031.com\/es\/terms-of-use\/","title":{"rendered":"Terms of Use"},"content":{"rendered":"<div  class=\"tatsu-Sy3EWP7ja5 tatsu-section  tatsu-bg-overlay   tatsu-clearfix\" data-title=\"\"  data-headerscheme=\"background--dark\"><div class='tatsu-section-pad clearfix' data-padding='{\"d\":\"45px 0px 90px 0px\"}' data-padding-top='45px'><div class=\"tatsu-row-wrap  tatsu-wrap tatsu-row-one-col tatsu-row-has-one-cols tatsu-medium-gutter tatsu-reg-cols  tatsu-clearfix tatsu-SJoN-wQj6c\" ><div  class=\"tatsu-row \" ><div  class=\"tatsu-column  tatsu-bg-overlay tatsu-one-col tatsu-column-image-none tatsu-column-effect-none  tatsu-SkcVbPQopc\"  data-parallax-speed=\"0\" style=\"\"><div class=\"tatsu-column-inner \" ><div class=\"tatsu-column-pad-wrap\"><div class=\"tatsu-column-pad\" ><div  class=\"tatsu-module tatsu-text-block-wrap tatsu-HkBedZP7ipc  \"><div class=\"tatsu-text-inner tatsu-align-center  clearfix\" ><style>.tatsu-HkBedZP7ipc.tatsu-text-block-wrap .tatsu-text-inner{width: 100%;text-align: left;}<\/style>\n<h1>T\u00e9rminos y condiciones<\/h1>\n<\/div><\/div><div  class=\"tatsu-module tatsu-text-block-wrap tatsu-BJh7wQipq  justify\"><div class=\"tatsu-text-inner tatsu-align-center  clearfix\" ><style>.tatsu-BJh7wQipq.tatsu-text-block-wrap .tatsu-text-inner{width: 100%;text-align: left;}<\/style>\n<p>Acuerdo entre el Usuario y Affiliated 1031 Exchange Services, LLC, y sus asociados (colectivamente \u201cAffiliated 1031\u201d).<\/p>\n<p>Este sitio web se le ofrece a usted, el Usuario, condicionado a la aceptaci\u00f3n sin excepciones de los t\u00e9rminos, condiciones y avisos aqu\u00ed contenidos. Su uso de este sitio web constituye su acuerdo con todos esos t\u00e9rminos, condiciones y avisos.<\/p>\n<p><strong>Aviso de derechos de autor<\/strong><\/p>\n<p>El contenido de todo el material disponible en el sitio tiene derechos de autor de Affiliated 1031 a menos que se indique lo contrario. Todos los derechos est\u00e1n reservados por Affiliated 1031 y, excepto a fin de investigar o solicitar un pr\u00e9stamo, el contenido no puede reproducirse, descargarse, difundirse, publicarse o transferirse de ninguna forma o por ning\u00fan medio, excepto con el permiso previo por escrito de Affiliated 1031.<\/p>\n<p><strong>Aviso jur\u00eddico y exenci\u00f3n de responsabilidad<\/strong><\/p>\n<p>LA INFORMACI\u00d3N EN ESTE SITIO SE PROPORCIONA \u201cTAL COMO\u201d APARECE AQU\u00cd Y SIN NING\u00daN TIPO DE GARANT\u00cdA, EXPRESA O IMPL\u00cdCITA, INCLUIDAS, ENTRE OTRAS, LAS GARANT\u00cdAS IMPL\u00cdCITAS DE CALIDAD COMERCIAL, IDONEIDAD PARA UN PROP\u00d3SITO DETERMINADO O CONTRA INFRACCIONES.<\/p>\n<p>Affiliated 1031 (incluidos sus empleados y agentes) no asume ninguna responsabilidad por las consecuencias del uso de la informaci\u00f3n en este documento, o en cualquier respecto por el contenido de dicha informaci\u00f3n, incluidos, entre otros, los retrasos, errores u omisiones, la exactitud o razonabilidad de la informaci\u00f3n, la naturaleza difamatoria de las declaraciones, la propiedad de los derechos de autor u otros derechos de propiedad intelectual y la violaci\u00f3n de la propiedad, la privacidad o los derechos personales de otros. Affiliated 1031 NO ES RESPONSABLE Y SE EXIME EXPRESAMENTE DE TODA RESPONSABILIDAD POR CUALQUIER DA\u00d1O QUE SURJA DEL USO, REFERENCIA O DEPENDENCIA EN DICHA INFORMACI\u00d3N.<\/p>\n<p><strong>Ning\u00fan uso ilegal ni prohibido<\/strong><\/p>\n<p>Como condici\u00f3n de su uso, usted garantiza a Affiliated 1031 que no utilizar\u00e1 este sitio web ni ninguna informaci\u00f3n contenida en \u00e9l para ning\u00fan prop\u00f3sito que sea ilegal o est\u00e9 prohibido por estos T\u00e9rminos, Condiciones y Avisos.<\/p>\n<p><strong>Enlaces a otros sitios de Internet<\/strong><\/p>\n<p>En determinados lugares de este sitio, se puede acceder a \u201cenlaces\u201d en vivo a otras direcciones de Internet (\u201cSitios Enlazados\u201d). Dichos Sitios Enlazados contienen informaci\u00f3n creada, publicada, mantenida, o de otro modo compartida por instituciones u organizaciones no relacionadas con Affiliated 1031. Affiliated 1031 no respalda, ni aprueba, ni certifica ni controla estos Sitios Enlazados, tampoco garantiza la exactitud, integridad, eficacia, puntualidad o correcta secuenciaci\u00f3n de la informaci\u00f3n que contienen. El uso de los Sitios Enlazados es voluntario y solo debe llevarse a cabo despu\u00e9s de una revisi\u00f3n independiente de la precisi\u00f3n, integridad, eficacia y puntualidad de la informaci\u00f3n que estos contienen. Asimismo, es responsabilidad del usuario tomar precauciones a fin de garantizar que el material seleccionado de dichos Sitios Enlazados est\u00e9 libre de elementos tales como virus, gusanos, troyanos y otros elementos de naturaleza destructiva. Affiliated 1031 no es responsable, y se exime expresamente de toda responsabilidad por da\u00f1os de cualquier tipo que surjan del uso de dichos Sitios, o referencia o dependencia en la informaci\u00f3n que estos contienen.<\/p>\n<p><strong>Modificaci\u00f3n de estos T\u00e9rminos, Condiciones y Avisos<\/strong><\/p>\n<p>Affiliated 1031 se reserva el derecho de modificar los T\u00e9rminos, Condiciones y Avisos en base a los cuales se ofrece este sitio web.<\/p>\n<p><strong>General<\/strong><\/p>\n<p>Affiliated 1031 se reserva el derecho de rescindir este contrato en cualquier momento por cualquier motivo incluso, entre otros, violar cualquiera de los t\u00e9rminos o condiciones del mismo.<\/p>\n<p>Al acceder a este sitio web, usted dirigi\u00f3 su sistema a una computadora ubicada en el Estado de Florida. Usted acepta que las disputas que surjan de o est\u00e9n relacionadas con el contenido o el uso de este sitio web se regir\u00e1n por las leyes del Estado de Florida. Usted acepta la jurisdicci\u00f3n exclusiva de los tribunales del Estado de Florida en todas las disputas que surjan o est\u00e9n relacionadas con el contenido o el uso de este sitio web.<\/p>\n<p>En caso que se determinara legalmente que alguna parte de este acuerdo fuera no v\u00e1lida o no exigible de acuerdo a la ley incluso, entre otros, el rechazo de garant\u00edas y las limitaciones a la responsabilidad establecidas m\u00e1s arriba, entonces las provisiones no v\u00e1lidas o no exigibles se considerar\u00e1n sustituidas por una provisi\u00f3n v\u00e1lida y exigible, que se acerque lo m\u00e1s posible a la intenci\u00f3n de la provisi\u00f3n original, y el resto del acuerdo continuar\u00e1 en pleno vigor y efecto.<\/p>\n<p>Este contrato constituye el acuerdo completo entre usted y Affiliated 1031 con respecto al uso de este sitio web y reemplaza todas las comunicaciones y propuestas anteriores o contempor\u00e1neas, ya sean electr\u00f3nicas, orales o escritas, entre usted y Affiliated 1031 con respecto a este sitio web. En los procedimientos judiciales o administrativos relacionados con este contrato, se podr\u00e1 presentar una versi\u00f3n impresa de este contrato y de cualquier notificaci\u00f3n cursada en formato electr\u00f3nico, en la misma medida y conforme a las mismas condiciones que otros documentos y registros comerciales generados y mantenidos en formato impreso.<\/p>\n<p>Quedan reservados los derechos que no se hayan otorgado aqu\u00ed expresamente.<\/p>\n<\/div><\/div><\/div><\/div><div class = \"tatsu-column-bg-image-wrap\"><div class = \"tatsu-column-bg-image tatsu-bg-lazyload\" data-src = \"\"><\/div><\/div><div class=\"tatsu-overlay tatsu-column-overlay tatsu-animate-none\" ><\/div><\/div><style>.tatsu-row > .tatsu-SkcVbPQopc.tatsu-column{width: 100%;}.tatsu-SkcVbPQopc.tatsu-column > .tatsu-column-inner > .tatsu-column-overlay{mix-blend-mode: normal;}.tatsu-SkcVbPQopc > .tatsu-column-inner > .tatsu-top-divider{z-index: 9999;}.tatsu-SkcVbPQopc > .tatsu-column-inner > .tatsu-bottom-divider{z-index: 9999;}.tatsu-SkcVbPQopc > .tatsu-column-inner > .tatsu-left-divider{z-index: 9999;}.tatsu-SkcVbPQopc > .tatsu-column-inner > .tatsu-right-divider{z-index: 9999;}@media only screen and (max-width:1377px) {.tatsu-row > .tatsu-SkcVbPQopc.tatsu-column{width: 100%;}}@media only screen and (min-width:768px) and (max-width: 1024px) {.tatsu-row > .tatsu-SkcVbPQopc.tatsu-column{width: 100%;}}@media only screen and (max-width: 767px) {.tatsu-row > .tatsu-SkcVbPQopc.tatsu-column{width: 100%;}}<\/style><\/div><\/div><\/div><\/div><div class=\"tatsu-section-background-wrap\"><div class = \"tatsu-section-background tatsu-bg-lazyload\" data-src = \"\"><\/div><\/div><div class=\"tatsu-overlay tatsu-section-overlay\"><\/div><style>.tatsu-Sy3EWP7ja5 .tatsu-section-pad{padding: 45px 0px 90px 0px;}.tatsu-Sy3EWP7ja5 .tatsu-section-offset-wrap{transform: translateY(-0px);}.tatsu-Sy3EWP7ja5 > .tatsu-bottom-divider{z-index: 9999;}.tatsu-Sy3EWP7ja5 > .tatsu-top-divider{z-index: 9999;}.tatsu-Sy3EWP7ja5 .tatsu-section-overlay{mix-blend-mode: normal;}<\/style><\/div>\n","protected":false},"excerpt":{"rendered":"<div><a href=\"https:\/\/www.affiliated1031.com\/es\/terms-of-use\/\" class=\"exp-read-more exp-read-more-underlined\">Read More<\/a><\/div>\n","protected":false},"author":1,"featured_media":0,"parent":0,"menu_order":0,"comment_status":"closed","ping_status":"closed","template":"","meta":{"_coblocks_attr":"","_coblocks_dimensions":"","_coblocks_responsive_height":"","_coblocks_accordion_ie_support":"","footnotes":""},"class_list":["post-27251","page","type-page","status-publish","hentry"],"_links":{"self":[{"href":"https:\/\/www.affiliated1031.com\/es\/wp-json\/wp\/v2\/pages\/27251","targetHints":{"allow":["GET"]}}],"collection":[{"href":"https:\/\/www.affiliated1031.com\/es\/wp-json\/wp\/v2\/pages"}],"about":[{"href":"https:\/\/www.affiliated1031.com\/es\/wp-json\/wp\/v2\/types\/page"}],"author":[{"embeddable":true,"href":"https:\/\/www.affiliated1031.com\/es\/wp-json\/wp\/v2\/users\/1"}],"replies":[{"embeddable":true,"href":"https:\/\/www.affiliated1031.com\/es\/wp-json\/wp\/v2\/comments?post=27251"}],"version-history":[{"count":3,"href":"https:\/\/www.affiliated1031.com\/es\/wp-json\/wp\/v2\/pages\/27251\/revisions"}],"predecessor-version":[{"id":27263,"href":"https:\/\/www.affiliated1031.com\/es\/wp-json\/wp\/v2\/pages\/27251\/revisions\/27263"}],"wp:attachment":[{"href":"https:\/\/www.affiliated1031.com\/es\/wp-json\/wp\/v2\/media?parent=27251"}],"curies":[{"name":"wp","href":"https:\/\/api.w.org\/{rel}","templated":true}]}}